{"id":23989,"date":"2026-04-09T15:12:43","date_gmt":"2026-04-09T15:12:43","guid":{"rendered":"https:\/\/volity.io\/?page_id=23989"},"modified":"2026-05-05T21:42:28","modified_gmt":"2026-05-05T21:42:28","slug":"review-methodology","status":"publish","type":"page","link":"https:\/\/volity.io\/de\/editorial-standards\/review-methodology\/","title":{"rendered":"Bewertungsmethodik: Wie Wir Plattformen Bewerten"},"content":{"rendered":"\r\n<style>\r\n.rm-wrap { \r\n    font-family: \"Inter\", sans-serif; \r\n    color: #333; \r\n    max-width: 820px; \r\n    margin: 0 auto; \r\n    padding-top: 120px; \/* Header clearance *\/\r\n    padding-bottom: 80px; \/* Footer spacing *\/\r\n}\r\n.rm-wrap h2 { font-size: 20px; font-weight: 700; color: #1a1a1a; border-bottom: 2px solid #2c6fad; padding-bottom: 8px; margin: 40px 0 14px; }\r\n.rm-wrap p, .rm-wrap li { font-size: 14.5px; line-height: 1.8; color: #444; }\r\n.rm-wrap ul { padding-left: 20px; }\r\n.rm-wrap li { margin-bottom: 6px; }\r\n.rm-table { width: 100%; border-collapse: collapse; margin: 16px 0 28px; font-size: 13.5px; }\r\n.rm-table th { background: #2c6fad; color: #fff; padding: 10px 14px; text-align: left; }\r\n.rm-table td { padding: 10px 14px; border-bottom: 1px solid #e5e5e5; color: #444; }\r\n.rm-table tr:nth-child(even) td { background: #f7f9fc; }\r\n<\/style>\r\n\r\n<div class=\"rm-wrap\">\r\n<h1>Bewertungsmethodik: Wie wir Plattformen bewerten<\/h1>\r\n<p>Diese Seite erkl\u00e4rt, wie Volity Handelsplattformen in Vergleichsartikeln bewertet und einstuft. Alle Plattformen \u2013 auch die eigene von Volity \u2013 werden anhand derselben Kriterien beurteilt.<\/p>\r\n\r\n<h2>Bewertungskriterien und Gewichtungen<\/h2>\r\n<table class=\"rm-table\">\r\n  <tr><th>Kriterium<\/th><th>Gewichtung<\/th><th>Was wir bewerten<\/th><\/tr>\r\n  <tr><td>Regulierung &#038; Sicherheit<\/td><td>25%<\/td><td>Regulatorische Lizenzen, getrennte Kundengelder, Entsch\u00e4digungssysteme<\/td><\/tr>\r\n  <tr><td>Geb\u00fchren &#038; Spreads<\/td><td>20%<\/td><td>Live-Spread-Daten, Provisionen, Overnight-Kosten, Ein- und Auszahlungsgeb\u00fchren<\/td><\/tr>\r\n  <tr><td>Plattform &#038; Tools<\/td><td>20%<\/td><td>Plattformstabilit\u00e4t, Charting-Tools, Mobile App, Ordertypen<\/td><\/tr>\r\n  <tr><td>Asset-Auswahl<\/td><td>15%<\/td><td>Anzahl der Instrumente in Forex, Indizes, Rohstoffen und Kryptow\u00e4hrungen<\/td><\/tr>\r\n  <tr><td>Kundenservice<\/td><td>10%<\/td><td>Verf\u00fcgbarkeit, Reaktionszeit, Sprachunterst\u00fctzung<\/td><\/tr>\r\n  <tr><td>Bildung &#038; Research<\/td><td>10%<\/td><td>Qualit\u00e4t der Bildungsinhalte, Marktanalysen, Research-Tools<\/td><\/tr>\r\n<\/table>\r\n\r\n<h2>So werden die Bewertungen berechnet<\/h2>\r\n<ul>\r\n  <li>Jedes Kriterium wird von zwei unabh\u00e4ngigen Pr\u00fcfern mit 1\u201310 bewertet<\/li>\r\n  <li>Die Bewertungen werden gemittelt und gem\u00e4\u00df der obigen Tabelle gewichtet<\/li>\r\n  <li>Endbewertungen werden auf eine Nachkommastelle gerundet<\/li>\r\n  <li>Bei Gleichstand wird die Plattform mit der h\u00f6heren Bewertung in \u201eRegulierung &#038; Sicherheit\u201c h\u00f6her eingestuft<\/li>\r\n<\/ul>\r\n\r\n<h2>Auszeichnung \u201eEditor&#8217;s Choice\u201c<\/h2>\r\n<p>Die Auszeichnung \u201eEditor&#8217;s Choice\u201c wird an die Plattform mit der h\u00f6chsten gewichteten Bewertung in einer bestimmten Vergleichskategorie vergeben. Sie ist weder gesponsert noch bezahlt noch wird sie au\u00dferhalb dieses Bewertungssystems nach redaktionellem Ermessen vergeben. Erh\u00e4lt Volity diese Auszeichnung in einem Vergleich, wird dies auf der jeweiligen Seite klar offengelegt.<\/p>\r\n\r\n<h2>Datenquellen<\/h2>\r\n<ul>\r\n  <li>Spread- und Geb\u00fchrendaten werden der ver\u00f6ffentlichten Preisseite jedes Brokers entnommen und zum Zeitpunkt der Bewertung verifiziert<\/li>\r\n  <li>Der regulatorische Status wird mit dem \u00f6ffentlichen Register der zust\u00e4ndigen Beh\u00f6rde abgeglichen (z. B. CySEC, FCA)<\/li>\r\n  <li>Plattformbewertungen basieren auf Live-Tests unseres Bewertungsteams<\/li>\r\n<\/ul>\r\n\r\n<p><a href=\"https:\/\/volity.io\/de\/editorial-standards\/\" target=\"_blank\">\u2190 Zur\u00fcck zu den redaktionellen Standards<\/a><\/p>\r\n\r\n<\/div>\r\n\r","protected":false},"excerpt":{"rendered":"<p>Bewertungsmethodik: Wie wir Plattformen bewerten Diese Seite erkl\u00e4rt, wie Volity Handelsplattformen in Vergleichsartikeln bewertet und einstuft. Alle Plattformen \u2013 auch die eigene [&hellip;]<\/p>\n","protected":false},"author":0,"featured_media":0,"parent":23986,"menu_order":0,"comment_status":"closed","ping_status":"closed","template":"","meta":{"inline_featured_image":false,"footnotes":""},"class_list":["post-23989","page","type-page","status-publish","hentry"],"yoast_head":"<!-- This site is optimized with the Yoast SEO Premium plugin v27.5 (Yoast SEO v27.5) - https:\/\/yoast.com\/product\/yoast-seo-premium-wordpress\/ -->\n<title>Bewertungsmethodik: Wie Wir Plattformen Bewerten | Volity<\/title>\n<meta name=\"description\" content=\"Volity Bewertungsmethodik: wie wir Trading-Plattformen anhand von Regulierung, Geb\u00fchren und Funktionen bewerten und einstufen.\" \/>\n<meta name=\"robots\" content=\"index, follow, max-snippet:-1, max-image-preview:large, max-video-preview:-1\" \/>\n<link rel=\"canonical\" href=\"https:\/\/volity.io\/de\/editorial-standards\/review-methodology\/\" \/>\n<meta property=\"og:locale\" content=\"de_DE\" \/>\n<meta property=\"og:type\" content=\"article\" \/>\n<meta property=\"og:title\" content=\"Bewertungsmethodik: Wie Wir Plattformen Bewerten\" \/>\n<meta property=\"og:description\" content=\"Volity Bewertungsmethodik: wie wir Trading-Plattformen anhand von Regulierung, Geb\u00fchren und Funktionen bewerten und einstufen.\" \/>\n<meta property=\"og:url\" content=\"https:\/\/volity.io\/de\/editorial-standards\/review-methodology\/\" \/>\n<meta property=\"og:site_name\" content=\"Volity\" \/>\n<meta property=\"article:publisher\" content=\"https:\/\/www.facebook.com\/profile.php?id=61570055360264\" \/>\n<meta property=\"article:modified_time\" content=\"2026-05-05T21:42:28+00:00\" \/>\n<meta property=\"og:image\" content=\"https:\/\/volity.io\/wp-content\/uploads\/2024\/11\/volity-og-1200x630.jpg\" \/>\n<meta name=\"twitter:card\" content=\"summary_large_image\" \/>\n<meta name=\"twitter:site\" content=\"@VolityBeat\" \/>\n<meta name=\"twitter:label1\" content=\"Est. reading time\" \/>\n\t<meta name=\"twitter:data1\" content=\"1\u00a0Minute\" \/>\n<script type=\"application\/ld+json\" class=\"yoast-schema-graph\">{\"@context\":\"https:\\\/\\\/schema.org\",\"@graph\":[{\"@type\":\"WebPage\",\"@id\":\"https:\\\/\\\/volity.io\\\/de\\\/editorial-standards\\\/review-methodology\\\/\",\"url\":\"https:\\\/\\\/volity.io\\\/de\\\/editorial-standards\\\/review-methodology\\\/\",\"name\":\"Bewertungsmethodik: Wie Wir Plattformen Bewerten | Volity\",\"isPartOf\":{\"@id\":\"https:\\\/\\\/volity.io\\\/de\\\/#website\"},\"datePublished\":\"2026-04-09T15:12:43+00:00\",\"dateModified\":\"2026-05-05T21:42:28+00:00\",\"description\":\"Volity Bewertungsmethodik: wie wir Trading-Plattformen anhand von Regulierung, Geb\u00fchren und Funktionen bewerten und einstufen.\",\"breadcrumb\":{\"@id\":\"https:\\\/\\\/volity.io\\\/de\\\/editorial-standards\\\/review-methodology\\\/#breadcrumb\"},\"inLanguage\":\"de\",\"potentialAction\":[{\"@type\":\"ReadAction\",\"target\":[\"https:\\\/\\\/volity.io\\\/de\\\/editorial-standards\\\/review-methodology\\\/\"]}],\"speakable\":{\"@type\":\"SpeakableSpecification\",\"cssSelector\":[\"h1\",\".entry-content > p:first-of-type\",\".entry-content h2\",\".faq-question\",\"[data-volity-takeaways]\"]},\"about\":{\"@type\":\"CreativeWork\",\"name\":\"Review Methodology\",\"provider\":{\"@id\":\"https:\\\/\\\/volity.io\\\/de\\\/#organization\"}}},{\"@type\":\"BreadcrumbList\",\"@id\":\"https:\\\/\\\/volity.io\\\/de\\\/editorial-standards\\\/review-methodology\\\/#breadcrumb\",\"itemListElement\":[{\"@type\":\"ListItem\",\"position\":1,\"name\":\"Home\",\"item\":\"https:\\\/\\\/volity.io\\\/de\\\/\"},{\"@type\":\"ListItem\",\"position\":2,\"name\":\"Redaktionelle Standards und Richtlinien\",\"item\":\"https:\\\/\\\/volity.io\\\/de\\\/editorial-standards\\\/\"},{\"@type\":\"ListItem\",\"position\":3,\"name\":\"Bewertungsmethodik: Wie Wir Plattformen Bewerten\"}]},{\"@type\":\"WebSite\",\"@id\":\"https:\\\/\\\/volity.io\\\/de\\\/#website\",\"url\":\"https:\\\/\\\/volity.io\\\/de\\\/\",\"name\":\"Volity - Effortless, Affordable & Transparent Access To Financial Markets\",\"description\":\"Where Any Volume Finds Agility\",\"publisher\":{\"@id\":\"https:\\\/\\\/volity.io\\\/de\\\/#organization\"},\"alternateName\":\"Volity Empowers Financial Inclusion\",\"potentialAction\":[{\"@type\":\"SearchAction\",\"target\":{\"@type\":\"EntryPoint\",\"urlTemplate\":\"https:\\\/\\\/volity.io\\\/de\\\/?s={search_term_string}\"},\"query-input\":{\"@type\":\"PropertyValueSpecification\",\"valueRequired\":true,\"valueName\":\"search_term_string\"}}],\"inLanguage\":\"de\"},{\"@type\":\"Organization\",\"@id\":\"https:\\\/\\\/volity.io\\\/de\\\/#organization\",\"name\":\"Volity\",\"alternateName\":[\"VLT\",\"Volity Group\"],\"url\":\"https:\\\/\\\/volity.io\\\/de\\\/\",\"logo\":{\"@type\":\"ImageObject\",\"inLanguage\":\"de\",\"@id\":\"https:\\\/\\\/volity.io\\\/de\\\/#\\\/schema\\\/logo\\\/image\\\/\",\"url\":\"https:\\\/\\\/volity.io\\\/wp-content\\\/uploads\\\/2024\\\/08\\\/White-BG.webp\",\"contentUrl\":\"https:\\\/\\\/volity.io\\\/wp-content\\\/uploads\\\/2024\\\/08\\\/White-BG.webp\",\"width\":1920,\"height\":1357,\"caption\":\"VOLITY\"},\"image\":{\"@id\":\"https:\\\/\\\/volity.io\\\/de\\\/#\\\/schema\\\/logo\\\/image\\\/\"},\"sameAs\":[\"https:\\\/\\\/www.facebook.com\\\/profile.php?id=61570055360264\",\"https:\\\/\\\/x.com\\\/VolityBeat\",\"https:\\\/\\\/www.linkedin.com\\\/company\\\/volitygroup\",\"https:\\\/\\\/www.youtube.com\\\/@VolityYoutube\",\"https:\\\/\\\/www.tiktok.com\\\/@hellovolity\",\"https:\\\/\\\/t.me\\\/volitybeat\",\"https:\\\/\\\/www.trustpilot.com\\\/review\\\/volity.io\"],\"foundingDate\":\"2024\",\"legalName\":\"Volity Limited\",\"address\":{\"@type\":\"PostalAddress\",\"addressCountry\":\"CY\",\"addressLocality\":\"Limassol\",\"streetAddress\":\"67 Spyrou Kyprianou Avenue, Kyriakides Business Center, 2nd Floor\",\"postalCode\":\"4003\"},\"contactPoint\":[{\"@type\":\"ContactPoint\",\"contactType\":\"customer support\",\"email\":\"hello@volity.io\",\"availableLanguage\":[\"English\",\"German\",\"French\",\"Spanish\"],\"areaServed\":[\"EU\",\"GB\",\"Worldwide\"]}],\"knowsAbout\":[\"Forex trading\",\"Contract for difference (CFD) trading\",\"Cryptocurrency trading\",\"Gold and commodities trading\",\"Stock trading\",\"Indices trading\",\"Multi-asset investment platforms\",\"Risk management\"],\"subOrganization\":[{\"@type\":\"Organization\",\"name\":\"Volity Trade Ltd\",\"identifier\":\"Saint Lucia 2024-00059\",\"description\":\"Introducing broker for UBK Markets Ltd\"},{\"@type\":\"Organization\",\"name\":\"Volity Invest Ltd\",\"identifier\":\"Cyprus HE 452984\",\"description\":\"Payment agent\"},{\"@type\":\"Organization\",\"name\":\"Volity Limited\",\"identifier\":\"Hong Kong trademark 67964819\"}],\"description\":\"Providing easy-to-use, affordable and secure access to financial products with personalised experience, local market understanding, and unrivalled customer service.\",\"email\":\"hello@volity.io\",\"memberOf\":{\"@type\":\"Organization\",\"name\":\"CySEC, Cyprus Securities and Exchange Commission\",\"url\":\"https:\\\/\\\/www.cysec.gov.cy\\\/\",\"description\":\"Volity introduces clients to UBK Markets Ltd, a Cyprus Investment Firm authorised by CySEC under licence 186\\\/12.\"},\"hasCredential\":{\"@type\":\"EducationalOccupationalCredential\",\"name\":\"CySEC CIF licence (via UBK Markets Ltd)\",\"credentialCategory\":\"Regulatory authorisation\",\"recognizedBy\":{\"@type\":\"Organization\",\"name\":\"CySEC\",\"url\":\"https:\\\/\\\/www.cysec.gov.cy\\\/\"},\"identifier\":\"186\\\/12\"}}]}<\/script>\n<!-- \/ Yoast SEO Premium plugin. -->","yoast_head_json":{"title":"Bewertungsmethodik: Wie Wir Plattformen Bewerten | Volity","description":"Volity Bewertungsmethodik: wie wir Trading-Plattformen anhand von Regulierung, Geb\u00fchren und Funktionen bewerten und einstufen.","robots":{"index":"index","follow":"follow","max-snippet":"max-snippet:-1","max-image-preview":"max-image-preview:large","max-video-preview":"max-video-preview:-1"},"canonical":"https:\/\/volity.io\/de\/editorial-standards\/review-methodology\/","og_locale":"de_DE","og_type":"article","og_title":"Bewertungsmethodik: Wie Wir Plattformen Bewerten","og_description":"Volity Bewertungsmethodik: wie wir Trading-Plattformen anhand von Regulierung, Geb\u00fchren und Funktionen bewerten und einstufen.","og_url":"https:\/\/volity.io\/de\/editorial-standards\/review-methodology\/","og_site_name":"Volity","article_publisher":"https:\/\/www.facebook.com\/profile.php?id=61570055360264","article_modified_time":"2026-05-05T21:42:28+00:00","og_image":[{"url":"https:\/\/volity.io\/wp-content\/uploads\/2024\/11\/volity-og-1200x630.jpg","type":"","width":"","height":""}],"twitter_card":"summary_large_image","twitter_site":"@VolityBeat","twitter_misc":{"Est. reading time":"1\u00a0Minute"},"schema":{"@context":"https:\/\/schema.org","@graph":[{"@type":"WebPage","@id":"https:\/\/volity.io\/de\/editorial-standards\/review-methodology\/","url":"https:\/\/volity.io\/de\/editorial-standards\/review-methodology\/","name":"Bewertungsmethodik: Wie Wir Plattformen Bewerten | Volity","isPartOf":{"@id":"https:\/\/volity.io\/de\/#website"},"datePublished":"2026-04-09T15:12:43+00:00","dateModified":"2026-05-05T21:42:28+00:00","description":"Volity Bewertungsmethodik: wie wir Trading-Plattformen anhand von Regulierung, Geb\u00fchren und Funktionen bewerten und einstufen.","breadcrumb":{"@id":"https:\/\/volity.io\/de\/editorial-standards\/review-methodology\/#breadcrumb"},"inLanguage":"de","potentialAction":[{"@type":"ReadAction","target":["https:\/\/volity.io\/de\/editorial-standards\/review-methodology\/"]}],"speakable":{"@type":"SpeakableSpecification","cssSelector":["h1",".entry-content > p:first-of-type",".entry-content h2",".faq-question","[data-volity-takeaways]"]},"about":{"@type":"CreativeWork","name":"Review Methodology","provider":{"@id":"https:\/\/volity.io\/de\/#organization"}}},{"@type":"BreadcrumbList","@id":"https:\/\/volity.io\/de\/editorial-standards\/review-methodology\/#breadcrumb","itemListElement":[{"@type":"ListItem","position":1,"name":"Home","item":"https:\/\/volity.io\/de\/"},{"@type":"ListItem","position":2,"name":"Redaktionelle Standards und Richtlinien","item":"https:\/\/volity.io\/de\/editorial-standards\/"},{"@type":"ListItem","position":3,"name":"Bewertungsmethodik: Wie Wir Plattformen Bewerten"}]},{"@type":"WebSite","@id":"https:\/\/volity.io\/de\/#website","url":"https:\/\/volity.io\/de\/","name":"Volity - Effortless, Affordable & Transparent Access To Financial Markets","description":"Where Any Volume Finds Agility","publisher":{"@id":"https:\/\/volity.io\/de\/#organization"},"alternateName":"Volity Empowers Financial Inclusion","potentialAction":[{"@type":"SearchAction","target":{"@type":"EntryPoint","urlTemplate":"https:\/\/volity.io\/de\/?s={search_term_string}"},"query-input":{"@type":"PropertyValueSpecification","valueRequired":true,"valueName":"search_term_string"}}],"inLanguage":"de"},{"@type":"Organization","@id":"https:\/\/volity.io\/de\/#organization","name":"Volity","alternateName":["VLT","Volity Group"],"url":"https:\/\/volity.io\/de\/","logo":{"@type":"ImageObject","inLanguage":"de","@id":"https:\/\/volity.io\/de\/#\/schema\/logo\/image\/","url":"https:\/\/volity.io\/wp-content\/uploads\/2024\/08\/White-BG.webp","contentUrl":"https:\/\/volity.io\/wp-content\/uploads\/2024\/08\/White-BG.webp","width":1920,"height":1357,"caption":"VOLITY"},"image":{"@id":"https:\/\/volity.io\/de\/#\/schema\/logo\/image\/"},"sameAs":["https:\/\/www.facebook.com\/profile.php?id=61570055360264","https:\/\/x.com\/VolityBeat","https:\/\/www.linkedin.com\/company\/volitygroup","https:\/\/www.youtube.com\/@VolityYoutube","https:\/\/www.tiktok.com\/@hellovolity","https:\/\/t.me\/volitybeat","https:\/\/www.trustpilot.com\/review\/volity.io"],"foundingDate":"2024","legalName":"Volity Limited","address":{"@type":"PostalAddress","addressCountry":"CY","addressLocality":"Limassol","streetAddress":"67 Spyrou Kyprianou Avenue, Kyriakides Business Center, 2nd Floor","postalCode":"4003"},"contactPoint":[{"@type":"ContactPoint","contactType":"customer support","email":"hello@volity.io","availableLanguage":["English","German","French","Spanish"],"areaServed":["EU","GB","Worldwide"]}],"knowsAbout":["Forex trading","Contract for difference (CFD) trading","Cryptocurrency trading","Gold and commodities trading","Stock trading","Indices trading","Multi-asset investment platforms","Risk management"],"subOrganization":[{"@type":"Organization","name":"Volity Trade Ltd","identifier":"Saint Lucia 2024-00059","description":"Introducing broker for UBK Markets Ltd"},{"@type":"Organization","name":"Volity Invest Ltd","identifier":"Cyprus HE 452984","description":"Payment agent"},{"@type":"Organization","name":"Volity Limited","identifier":"Hong Kong trademark 67964819"}],"description":"Providing easy-to-use, affordable and secure access to financial products with personalised experience, local market understanding, and unrivalled customer service.","email":"hello@volity.io","memberOf":{"@type":"Organization","name":"CySEC, Cyprus Securities and Exchange Commission","url":"https:\/\/www.cysec.gov.cy\/","description":"Volity introduces clients to UBK Markets Ltd, a Cyprus Investment Firm authorised by CySEC under licence 186\/12."},"hasCredential":{"@type":"EducationalOccupationalCredential","name":"CySEC CIF licence (via UBK Markets Ltd)","credentialCategory":"Regulatory authorisation","recognizedBy":{"@type":"Organization","name":"CySEC","url":"https:\/\/www.cysec.gov.cy\/"},"identifier":"186\/12"}}]}},"_links":{"self":[{"href":"https:\/\/volity.io\/de\/wp-json\/wp\/v2\/pages\/23989","targetHints":{"allow":["GET"]}}],"collection":[{"href":"https:\/\/volity.io\/de\/wp-json\/wp\/v2\/pages"}],"about":[{"href":"https:\/\/volity.io\/de\/wp-json\/wp\/v2\/types\/page"}],"replies":[{"embeddable":true,"href":"https:\/\/volity.io\/de\/wp-json\/wp\/v2\/comments?post=23989"}],"version-history":[{"count":3,"href":"https:\/\/volity.io\/de\/wp-json\/wp\/v2\/pages\/23989\/revisions"}],"predecessor-version":[{"id":24033,"href":"https:\/\/volity.io\/de\/wp-json\/wp\/v2\/pages\/23989\/revisions\/24033"}],"up":[{"embeddable":true,"href":"https:\/\/volity.io\/de\/wp-json\/wp\/v2\/pages\/23986"}],"wp:attachment":[{"href":"https:\/\/volity.io\/de\/wp-json\/wp\/v2\/media?parent=23989"}],"curies":[{"name":"wp","href":"https:\/\/api.w.org\/{rel}","templated":true}]}}