{"id":9334,"date":"2024-05-23T22:03:21","date_gmt":"2024-05-23T22:03:21","guid":{"rendered":"https:\/\/volity.io\/legal\/terms\/"},"modified":"2024-12-24T16:51:43","modified_gmt":"2024-12-24T16:51:43","slug":"terms","status":"publish","type":"page","link":"https:\/\/volity.io\/fr\/legal\/terms\/","title":{"rendered":"Conditions g\u00e9n\u00e9rales d&rsquo;utilisation"},"content":{"rendered":"\t\t<div data-elementor-type=\"wp-page\" data-elementor-id=\"9334\" class=\"elementor elementor-9334 elementor-293\" data-elementor-settings=\"{&quot;element_pack_global_tooltip_width&quot;:{&quot;unit&quot;:&quot;px&quot;,&quot;size&quot;:&quot;&quot;,&quot;sizes&quot;:[]},&quot;element_pack_global_tooltip_width_tablet&quot;:{&quot;unit&quot;:&quot;px&quot;,&quot;size&quot;:&quot;&quot;,&quot;sizes&quot;:[]},&quot;element_pack_global_tooltip_width_mobile&quot;:{&quot;unit&quot;:&quot;px&quot;,&quot;size&quot;:&quot;&quot;,&quot;sizes&quot;:[]},&quot;element_pack_global_tooltip_padding&quot;:{&quot;unit&quot;:&quot;px&quot;,&quot;top&quot;:&quot;&quot;,&quot;right&quot;:&quot;&quot;,&quot;bottom&quot;:&quot;&quot;,&quot;left&quot;:&quot;&quot;,&quot;isLinked&quot;:true},&quot;element_pack_global_tooltip_padding_tablet&quot;:{&quot;unit&quot;:&quot;px&quot;,&quot;top&quot;:&quot;&quot;,&quot;right&quot;:&quot;&quot;,&quot;bottom&quot;:&quot;&quot;,&quot;left&quot;:&quot;&quot;,&quot;isLinked&quot;:true},&quot;element_pack_global_tooltip_padding_mobile&quot;:{&quot;unit&quot;:&quot;px&quot;,&quot;top&quot;:&quot;&quot;,&quot;right&quot;:&quot;&quot;,&quot;bottom&quot;:&quot;&quot;,&quot;left&quot;:&quot;&quot;,&quot;isLinked&quot;:true},&quot;element_pack_global_tooltip_border_radius&quot;:{&quot;unit&quot;:&quot;px&quot;,&quot;top&quot;:&quot;&quot;,&quot;right&quot;:&quot;&quot;,&quot;bottom&quot;:&quot;&quot;,&quot;left&quot;:&quot;&quot;,&quot;isLinked&quot;:true},&quot;element_pack_global_tooltip_border_radius_tablet&quot;:{&quot;unit&quot;:&quot;px&quot;,&quot;top&quot;:&quot;&quot;,&quot;right&quot;:&quot;&quot;,&quot;bottom&quot;:&quot;&quot;,&quot;left&quot;:&quot;&quot;,&quot;isLinked&quot;:true},&quot;element_pack_global_tooltip_border_radius_mobile&quot;:{&quot;unit&quot;:&quot;px&quot;,&quot;top&quot;:&quot;&quot;,&quot;right&quot;:&quot;&quot;,&quot;bottom&quot;:&quot;&quot;,&quot;left&quot;:&quot;&quot;,&quot;isLinked&quot;:true}}\" data-elementor-post-type=\"page\">\n\t\t\t\t<div class=\"elementor-element elementor-element-bc94d9b e-flex e-con-boxed e-con e-parent\" data-id=\"bc94d9b\" data-element_type=\"container\" data-e-type=\"container\" data-settings=\"{&quot;background_background&quot;:&quot;classic&quot;}\">\n\t\t\t\t\t<div class=\"e-con-inner\">\n\t\t<div class=\"elementor-element elementor-element-ad0568e e-con-full e-flex e-con e-child\" data-id=\"ad0568e\" data-element_type=\"container\" data-e-type=\"container\">\n\t\t<div class=\"elementor-element elementor-element-0c83703 e-con-full e-flex e-con e-child\" data-id=\"0c83703\" data-element_type=\"container\" data-e-type=\"container\">\n\t\t\t\t<div class=\"elementor-element elementor-element-6d9e219 elementor-invisible elementor-widget elementor-widget-heading\" data-id=\"6d9e219\" data-element_type=\"widget\" data-e-type=\"widget\" data-settings=\"{&quot;_animation&quot;:&quot;fadeInUp&quot;,&quot;_animation_delay&quot;:400}\" data-widget_type=\"heading.default\">\n\t\t\t\t<div class=\"elementor-widget-container\">\n\t\t\t\t\t<h1 class=\"elementor-heading-title elementor-size-default\">Conditions g\u00e9n\u00e9rales d'utilisation<\/h1>\t\t\t\t<\/div>\n\t\t\t\t<\/div>\n\t\t<div class=\"elementor-element elementor-element-1a6188f e-con-full e-flex elementor-invisible e-con e-child\" data-id=\"1a6188f\" data-element_type=\"container\" data-e-type=\"container\" data-settings=\"{&quot;animation&quot;:&quot;fadeInUp&quot;,&quot;animation_delay&quot;:600}\">\n\t\t\t\t<div class=\"elementor-element elementor-element-60fb862 elementor-widget elementor-widget-bdt-animated-link\" data-id=\"60fb862\" data-element_type=\"widget\" data-e-type=\"widget\" data-widget_type=\"bdt-animated-link.default\">\n\t\t\t\t<div class=\"elementor-widget-container\">\n\t\t\t\t\t\t\t\t\t\t<a class=\"bdt-ep-animated-link bdt-ep-animated-link--metis\" href=\"https:\/\/volity.io\/\">\n\t\t\t\tHome\t\t\t<\/a>\n\t\t\n\t\t\t\t<\/div>\n\t\t\t\t<\/div>\n\t\t\t\t<div class=\"elementor-element elementor-element-d81f9d4 elementor-view-default elementor-widget elementor-widget-icon\" data-id=\"d81f9d4\" data-element_type=\"widget\" data-e-type=\"widget\" data-widget_type=\"icon.default\">\n\t\t\t\t<div class=\"elementor-widget-container\">\n\t\t\t\t\t\t\t<div class=\"elementor-icon-wrapper\">\n\t\t\t<div class=\"elementor-icon\">\n\t\t\t<svg xmlns=\"http:\/\/www.w3.org\/2000\/svg\" width=\"12\" height=\"12\" viewBox=\"0 0 12 12\" fill=\"none\"><path d=\"M4.45508 9.96004L7.71508 6.70004C8.10008 6.31504 8.10008 5.68504 7.71508 5.30004L4.45508 2.04004\" stroke=\"#171B26\" stroke-width=\"0.5\" stroke-miterlimit=\"10\" stroke-linecap=\"round\" stroke-linejoin=\"round\"><\/path><\/svg>\t\t\t<\/div>\n\t\t<\/div>\n\t\t\t\t\t\t<\/div>\n\t\t\t\t<\/div>\n\t\t\t\t<div class=\"elementor-element elementor-element-0e585c9 elementor-widget elementor-widget-bdt-animated-link\" data-id=\"0e585c9\" data-element_type=\"widget\" data-e-type=\"widget\" data-widget_type=\"bdt-animated-link.default\">\n\t\t\t\t<div class=\"elementor-widget-container\">\n\t\t\t\t\t\t\t\t\t\t<a class=\"bdt-ep-animated-link bdt-ep-animated-link--metis\" href=\"https:\/\/volity.io\/legal\/\">\n\t\t\t\tLegal Information\t\t\t<\/a>\n\t\t\n\t\t\t\t<\/div>\n\t\t\t\t<\/div>\n\t\t\t\t<div class=\"elementor-element elementor-element-3bd9c2f elementor-view-default elementor-widget elementor-widget-icon\" data-id=\"3bd9c2f\" data-element_type=\"widget\" data-e-type=\"widget\" data-widget_type=\"icon.default\">\n\t\t\t\t<div class=\"elementor-widget-container\">\n\t\t\t\t\t\t\t<div class=\"elementor-icon-wrapper\">\n\t\t\t<div class=\"elementor-icon\">\n\t\t\t<svg xmlns=\"http:\/\/www.w3.org\/2000\/svg\" width=\"12\" height=\"12\" viewBox=\"0 0 12 12\" fill=\"none\"><path d=\"M4.45508 9.96004L7.71508 6.70004C8.10008 6.31504 8.10008 5.68504 7.71508 5.30004L4.45508 2.04004\" stroke=\"#171B26\" stroke-width=\"0.5\" stroke-miterlimit=\"10\" stroke-linecap=\"round\" stroke-linejoin=\"round\"><\/path><\/svg>\t\t\t<\/div>\n\t\t<\/div>\n\t\t\t\t\t\t<\/div>\n\t\t\t\t<\/div>\n\t\t\t\t<div class=\"elementor-element elementor-element-2761053 elementor-widget elementor-widget-text-editor\" data-id=\"2761053\" data-element_type=\"widget\" data-e-type=\"widget\" data-widget_type=\"text-editor.default\">\n\t\t\t\t<div class=\"elementor-widget-container\">\n\t\t\t\t\t\t\t\t\t<p>Conditions g\u00e9n\u00e9rales d&rsquo;utilisation<\/p>\n\t\t\t\t\t\t\t\t<\/div>\n\t\t\t\t<\/div>\n\t\t\t\t<\/div>\n\t\t\t\t<\/div>\n\t\t<div class=\"elementor-element elementor-element-b3ec989 e-con-full e-flex e-con e-child\" data-id=\"b3ec989\" data-element_type=\"container\" data-e-type=\"container\">\n\t\t\t\t<div class=\"elementor-element elementor-element-7e79b89 elementor-widget elementor-widget-image\" data-id=\"7e79b89\" data-element_type=\"widget\" data-e-type=\"widget\" data-widget_type=\"image.default\">\n\t\t\t\t<div class=\"elementor-widget-container\">\n\t\t\t\t\t\t\t\t\t\t\t\t\t\t\t<img fetchpriority=\"high\" decoding=\"async\" width=\"593\" height=\"356\" src=\"https:\/\/volity.io\/wp-content\/uploads\/2024\/09\/Frame-17.png\" class=\"attachment-large size-large wp-image-9337\" alt=\"\" srcset=\"https:\/\/volity.io\/wp-content\/uploads\/2024\/09\/Frame-17.png 593w, https:\/\/volity.io\/wp-content\/uploads\/2024\/09\/Frame-17-300x180.webp 300w\" sizes=\"(max-width: 593px) 100vw, 593px\" \/>\t\t\t\t\t\t\t\t\t\t\t\t\t\t\t<\/div>\n\t\t\t\t<\/div>\n\t\t\t\t<\/div>\n\t\t\t\t<\/div>\n\t\t\t\t\t<\/div>\n\t\t\t\t<\/div>\n\t\t<div class=\"elementor-element elementor-element-fa5674b e-flex e-con-boxed e-con e-parent\" data-id=\"fa5674b\" data-element_type=\"container\" data-e-type=\"container\">\n\t\t\t\t\t<div class=\"e-con-inner\">\n\t\t<div class=\"elementor-element elementor-element-14fdabf e-con-full animated-slow e-flex elementor-invisible e-con e-child\" data-id=\"14fdabf\" data-element_type=\"container\" data-e-type=\"container\" data-settings=\"{&quot;background_background&quot;:&quot;classic&quot;,&quot;animation&quot;:&quot;fadeInUp&quot;}\">\n\t\t<div class=\"elementor-element elementor-element-c5fd67b e-con-full animated-slow e-flex e-con e-child\" data-id=\"c5fd67b\" data-element_type=\"container\" data-e-type=\"container\">\n\t\t\t\t<div class=\"elementor-element elementor-element-d3370ea elementor-widget elementor-widget-image\" data-id=\"d3370ea\" data-element_type=\"widget\" data-e-type=\"widget\" data-widget_type=\"image.default\">\n\t\t\t\t<div class=\"elementor-widget-container\">\n\t\t\t\t\t\t\t\t\t\t\t\t\t\t\t<img decoding=\"async\" width=\"71\" height=\"80\" src=\"https:\/\/volity.io\/wp-content\/uploads\/2024\/09\/Vector.webp\" class=\"attachment-large size-large wp-image-9338\" alt=\"Volity Icon V et 7 combin\u00e9s\" \/>\t\t\t\t\t\t\t\t\t\t\t\t\t\t\t<\/div>\n\t\t\t\t<\/div>\n\t\t<div class=\"elementor-element elementor-element-e40b8cd e-con-full e-flex e-con e-child\" data-id=\"e40b8cd\" data-element_type=\"container\" data-e-type=\"container\">\n\t\t\t\t<div class=\"elementor-element elementor-element-c82d6a5 elementor-widget elementor-widget-text-editor\" data-id=\"c82d6a5\" data-element_type=\"widget\" data-e-type=\"widget\" data-widget_type=\"text-editor.default\">\n\t\t\t\t<div class=\"elementor-widget-container\">\n\t\t\t\t\t\t\t\t\t<p>Volity Trade Ltd<\/p>\n\t\t\t\t\t\t\t\t<\/div>\n\t\t\t\t<\/div>\n\t\t\t\t<div class=\"elementor-element elementor-element-1cb6430 elementor-widget elementor-widget-text-editor\" data-id=\"1cb6430\" data-element_type=\"widget\" data-e-type=\"widget\" data-widget_type=\"text-editor.default\">\n\t\t\t\t<div class=\"elementor-widget-container\">\n\t\t\t\t\t\t\t\t\t<p>Num\u00e9ro d&rsquo;entreprise : 2024\/0059<\/p>\n\t\t\t\t\t\t\t\t<\/div>\n\t\t\t\t<\/div>\n\t\t\t\t<div class=\"elementor-element elementor-element-b755c92 elementor-widget elementor-widget-text-editor\" data-id=\"b755c92\" data-element_type=\"widget\" data-e-type=\"widget\" data-widget_type=\"text-editor.default\">\n\t\t\t\t<div class=\"elementor-widget-container\">\n\t\t\t\t\t\t\t\t\t<p>Rodney Bay. Gros Islet, Sainte-Lucie <\/p>\n\t\t\t\t\t\t\t\t<\/div>\n\t\t\t\t<\/div>\n\t\t\t\t<\/div>\n\t\t\t\t<\/div>\n\t\t<div class=\"elementor-element elementor-element-20f85fe e-con-full e-flex e-con e-child\" data-id=\"20f85fe\" data-element_type=\"container\" data-e-type=\"container\">\n\t\t<div class=\"elementor-element elementor-element-bd41a69 e-con-full e-flex e-con e-child\" data-id=\"bd41a69\" data-element_type=\"container\" data-e-type=\"container\">\n\t\t<div class=\"elementor-element elementor-element-eb9e4fd e-con-full e-flex e-con e-child\" data-id=\"eb9e4fd\" data-element_type=\"container\" data-e-type=\"container\">\n\t\t\t\t<div class=\"elementor-element elementor-element-afbe968 elementor-widget elementor-widget-text-editor\" data-id=\"afbe968\" data-element_type=\"widget\" data-e-type=\"widget\" data-widget_type=\"text-editor.default\">\n\t\t\t\t<div class=\"elementor-widget-container\">\n\t\t\t\t\t\t\t\t\t<p>Conditions g\u00e9n\u00e9rales de vente<\/p>\n\t\t\t\t\t\t\t\t<\/div>\n\t\t\t\t<\/div>\n\t\t\t\t<\/div>\n\t\t<div class=\"elementor-element elementor-element-8bbe1e0 e-con-full e-flex e-con e-child\" data-id=\"8bbe1e0\" data-element_type=\"container\" data-e-type=\"container\">\n\t\t\t\t<div class=\"elementor-element elementor-element-e4fc393 elementor-widget elementor-widget-text-editor\" data-id=\"e4fc393\" data-element_type=\"widget\" data-e-type=\"widget\" data-widget_type=\"text-editor.default\">\n\t\t\t\t<div class=\"elementor-widget-container\">\n\t\t\t\t\t\t\t\t\t<p>mars 2024<\/p>\n\t\t\t\t\t\t\t\t<\/div>\n\t\t\t\t<\/div>\n\t\t\t\t<\/div>\n\t\t\t\t<\/div>\n\t\t\t\t<\/div>\n\t\t\t\t<\/div>\n\t\t\t\t\t<\/div>\n\t\t\t\t<\/div>\n\t\t<div class=\"elementor-element elementor-element-a7a1087 animated-slow e-flex e-con-boxed elementor-invisible e-con e-parent\" data-id=\"a7a1087\" data-element_type=\"container\" data-e-type=\"container\" data-settings=\"{&quot;animation&quot;:&quot;fadeInUp&quot;}\">\n\t\t\t\t\t<div class=\"e-con-inner\">\n\t\t\t\t\t<\/div>\n\t\t\t\t<\/div>\n\t\t<div class=\"elementor-element elementor-element-e95e8d6 e-flex e-con-boxed e-con e-parent\" data-id=\"e95e8d6\" data-element_type=\"container\" data-e-type=\"container\">\n\t\t\t\t\t<div class=\"e-con-inner\">\n\t\t\t\t<div class=\"elementor-element elementor-element-664e57c elementor-widget elementor-widget-pdfjs-viewer\" data-id=\"664e57c\" data-element_type=\"widget\" data-e-type=\"widget\" data-widget_type=\"pdfjs-viewer.default\">\n\t\t\t\t<div class=\"elementor-widget-container\">\n\t\t\t\t\t<iframe width=\"\" height=\"1440\" src=\"https:\/\/volity.io\/wp-content\/plugins\/pdfjs-viewer-for-elementor\/\/assets\/js\/pdfjs\/web\/viewer.html?file=https:\/\/volity.io\/wp-content\/uploads\/2024\/05\/Volity_TermsConditions.pdf\"><\/iframe>\t\t\t\t<\/div>\n\t\t\t\t<\/div>\n\t\t\t\t\t<\/div>\n\t\t\t\t<\/div>\n\t\t\t\t<\/div>\n\t\t","protected":false},"excerpt":{"rendered":"<p>Conditions g\u00e9n\u00e9rales d&rsquo;utilisation Home Legal Information Conditions g\u00e9n\u00e9rales d&rsquo;utilisation Volity Trade Ltd Num\u00e9ro d&rsquo;entreprise : 2024\/0059 Rodney Bay. Gros Islet, Sainte-Lucie Conditions [&hellip;]<\/p>\n","protected":false},"author":1,"featured_media":0,"parent":9297,"menu_order":0,"comment_status":"closed","ping_status":"closed","template":"","meta":{"inline_featured_image":false,"_uf_show_specific_survey":0,"_uf_disable_surveys":false,"footnotes":""},"class_list":["post-9334","page","type-page","status-publish","hentry"],"yoast_head":"<!-- This site is optimized with the Yoast SEO Premium plugin v27.2 (Yoast SEO v27.3) - https:\/\/yoast.com\/product\/yoast-seo-premium-wordpress\/ -->\n<title>Conditions g\u00e9n\u00e9rales d&#039;utilisation | Where Any Volume Finds Agility<\/title>\n<meta name=\"description\" content=\"Conditions g\u00e9n\u00e9rales d&#039;utilisation Home Legal Information Conditions g\u00e9n\u00e9rales d&#039;utilisation Volity Trade Ltd Num\u00e9ro d&#039;entreprise : 2024\/0059 Rodney Bay.\" \/>\n<meta name=\"robots\" content=\"index, follow, max-snippet:-1, max-image-preview:large, max-video-preview:-1\" \/>\n<link rel=\"canonical\" href=\"https:\/\/volity.io\/fr\/legal\/terms\/\" \/>\n<meta property=\"og:locale\" content=\"fr_FR\" \/>\n<meta property=\"og:type\" content=\"article\" \/>\n<meta property=\"og:title\" content=\"Conditions g\u00e9n\u00e9rales d&#039;utilisation\" \/>\n<meta property=\"og:description\" content=\"Conditions g\u00e9n\u00e9rales d&#039;utilisation Home Legal Information Conditions g\u00e9n\u00e9rales d&#039;utilisation Volity Trade Ltd Num\u00e9ro d&#039;entreprise : 2024\/0059 Rodney Bay.\" \/>\n<meta property=\"og:url\" content=\"https:\/\/volity.io\/fr\/legal\/terms\/\" \/>\n<meta property=\"og:site_name\" content=\"All-in-one financial hub\" \/>\n<meta property=\"article:publisher\" content=\"https:\/\/www.facebook.com\/profile.php?id=61570055360264\" \/>\n<meta property=\"article:modified_time\" content=\"2024-12-24T16:51:43+00:00\" \/>\n<meta property=\"og:image\" content=\"https:\/\/volity.io\/wp-content\/uploads\/2024\/09\/Frame-17.png\" \/>\n\t<meta property=\"og:image:width\" content=\"593\" \/>\n\t<meta property=\"og:image:height\" content=\"356\" \/>\n\t<meta property=\"og:image:type\" content=\"image\/webp\" \/>\n<meta name=\"twitter:card\" content=\"summary_large_image\" \/>\n<meta name=\"twitter:site\" content=\"@VolityBeat\" \/>\n<script type=\"application\/ld+json\" class=\"yoast-schema-graph\">{\"@context\":\"https:\\\/\\\/schema.org\",\"@graph\":[{\"@type\":\"WebPage\",\"@id\":\"https:\\\/\\\/volity.io\\\/fr\\\/legal\\\/terms\\\/\",\"url\":\"https:\\\/\\\/volity.io\\\/fr\\\/legal\\\/terms\\\/\",\"name\":\"Conditions g\u00e9n\u00e9rales d'utilisation | Where Any Volume Finds Agility\",\"isPartOf\":{\"@id\":\"https:\\\/\\\/volity.io\\\/fr\\\/#website\"},\"primaryImageOfPage\":{\"@id\":\"https:\\\/\\\/volity.io\\\/fr\\\/legal\\\/terms\\\/#primaryimage\"},\"image\":{\"@id\":\"https:\\\/\\\/volity.io\\\/fr\\\/legal\\\/terms\\\/#primaryimage\"},\"thumbnailUrl\":\"https:\\\/\\\/volity.io\\\/wp-content\\\/uploads\\\/2024\\\/09\\\/Frame-17.png\",\"datePublished\":\"2024-05-23T22:03:21+00:00\",\"dateModified\":\"2024-12-24T16:51:43+00:00\",\"description\":\"Conditions g\u00e9n\u00e9rales d'utilisation Home Legal Information Conditions g\u00e9n\u00e9rales d'utilisation Volity Trade Ltd Num\u00e9ro d'entreprise : 2024\\\/0059 Rodney Bay.\",\"breadcrumb\":{\"@id\":\"https:\\\/\\\/volity.io\\\/fr\\\/legal\\\/terms\\\/#breadcrumb\"},\"inLanguage\":\"fr-FR\",\"potentialAction\":[{\"@type\":\"ReadAction\",\"target\":[\"https:\\\/\\\/volity.io\\\/fr\\\/legal\\\/terms\\\/\"]}]},{\"@type\":\"ImageObject\",\"inLanguage\":\"fr-FR\",\"@id\":\"https:\\\/\\\/volity.io\\\/fr\\\/legal\\\/terms\\\/#primaryimage\",\"url\":\"https:\\\/\\\/volity.io\\\/wp-content\\\/uploads\\\/2024\\\/09\\\/Frame-17.png\",\"contentUrl\":\"https:\\\/\\\/volity.io\\\/wp-content\\\/uploads\\\/2024\\\/09\\\/Frame-17.png\"},{\"@type\":\"BreadcrumbList\",\"@id\":\"https:\\\/\\\/volity.io\\\/fr\\\/legal\\\/terms\\\/#breadcrumb\",\"itemListElement\":[{\"@type\":\"ListItem\",\"position\":1,\"name\":\"Home\",\"item\":\"https:\\\/\\\/volity.io\\\/fr\\\/\"},{\"@type\":\"ListItem\",\"position\":2,\"name\":\"Informations juridiques\",\"item\":\"https:\\\/\\\/volity.io\\\/fr\\\/legal\\\/\"},{\"@type\":\"ListItem\",\"position\":3,\"name\":\"Conditions g\u00e9n\u00e9rales d&#8217;utilisation\"}]},{\"@type\":\"WebSite\",\"@id\":\"https:\\\/\\\/volity.io\\\/fr\\\/#website\",\"url\":\"https:\\\/\\\/volity.io\\\/fr\\\/\",\"name\":\"Volity - Effortless, Affordable & Transparent Access To Financial Markets\",\"description\":\"Where Any Volume Finds Agility\",\"publisher\":{\"@id\":\"https:\\\/\\\/volity.io\\\/fr\\\/#organization\"},\"alternateName\":\"Volity Empowers Financial Inclusion\",\"potentialAction\":[{\"@type\":\"SearchAction\",\"target\":{\"@type\":\"EntryPoint\",\"urlTemplate\":\"https:\\\/\\\/volity.io\\\/fr\\\/?s={search_term_string}\"},\"query-input\":{\"@type\":\"PropertyValueSpecification\",\"valueRequired\":true,\"valueName\":\"search_term_string\"}}],\"inLanguage\":\"fr-FR\"},{\"@type\":\"Organization\",\"@id\":\"https:\\\/\\\/volity.io\\\/fr\\\/#organization\",\"name\":\"VOLITY\",\"alternateName\":\"VLT\",\"url\":\"https:\\\/\\\/volity.io\\\/fr\\\/\",\"logo\":{\"@type\":\"ImageObject\",\"inLanguage\":\"fr-FR\",\"@id\":\"https:\\\/\\\/volity.io\\\/fr\\\/#\\\/schema\\\/logo\\\/image\\\/\",\"url\":\"https:\\\/\\\/volity.io\\\/wp-content\\\/uploads\\\/2024\\\/08\\\/White-BG.webp\",\"contentUrl\":\"https:\\\/\\\/volity.io\\\/wp-content\\\/uploads\\\/2024\\\/08\\\/White-BG.webp\",\"width\":1920,\"height\":1357,\"caption\":\"VOLITY\"},\"image\":{\"@id\":\"https:\\\/\\\/volity.io\\\/fr\\\/#\\\/schema\\\/logo\\\/image\\\/\"},\"sameAs\":[\"https:\\\/\\\/www.facebook.com\\\/profile.php?id=61570055360264\",\"https:\\\/\\\/x.com\\\/VolityBeat\"],\"description\":\"Providing easy-to-use, affordable and secure access to financial products with personalised experience, local market understanding, and unrivalled customer service.\",\"email\":\"hello@volity.io\",\"legalName\":\"Volity Int.\"}]}<\/script>\n<!-- \/ Yoast SEO Premium plugin. -->","yoast_head_json":{"title":"Conditions g\u00e9n\u00e9rales d'utilisation | Where Any Volume Finds Agility","description":"Conditions g\u00e9n\u00e9rales d'utilisation Home Legal Information Conditions g\u00e9n\u00e9rales d'utilisation Volity Trade Ltd Num\u00e9ro d'entreprise : 2024\/0059 Rodney Bay.","robots":{"index":"index","follow":"follow","max-snippet":"max-snippet:-1","max-image-preview":"max-image-preview:large","max-video-preview":"max-video-preview:-1"},"canonical":"https:\/\/volity.io\/fr\/legal\/terms\/","og_locale":"fr_FR","og_type":"article","og_title":"Conditions g\u00e9n\u00e9rales d'utilisation","og_description":"Conditions g\u00e9n\u00e9rales d'utilisation Home Legal Information Conditions g\u00e9n\u00e9rales d'utilisation Volity Trade Ltd Num\u00e9ro d'entreprise : 2024\/0059 Rodney Bay.","og_url":"https:\/\/volity.io\/fr\/legal\/terms\/","og_site_name":"All-in-one financial hub","article_publisher":"https:\/\/www.facebook.com\/profile.php?id=61570055360264","article_modified_time":"2024-12-24T16:51:43+00:00","og_image":[{"width":593,"height":356,"url":"https:\/\/volity.io\/wp-content\/uploads\/2024\/09\/Frame-17.png","type":"image\/webp"}],"twitter_card":"summary_large_image","twitter_site":"@VolityBeat","schema":{"@context":"https:\/\/schema.org","@graph":[{"@type":"WebPage","@id":"https:\/\/volity.io\/fr\/legal\/terms\/","url":"https:\/\/volity.io\/fr\/legal\/terms\/","name":"Conditions g\u00e9n\u00e9rales d'utilisation | Where Any Volume Finds Agility","isPartOf":{"@id":"https:\/\/volity.io\/fr\/#website"},"primaryImageOfPage":{"@id":"https:\/\/volity.io\/fr\/legal\/terms\/#primaryimage"},"image":{"@id":"https:\/\/volity.io\/fr\/legal\/terms\/#primaryimage"},"thumbnailUrl":"https:\/\/volity.io\/wp-content\/uploads\/2024\/09\/Frame-17.png","datePublished":"2024-05-23T22:03:21+00:00","dateModified":"2024-12-24T16:51:43+00:00","description":"Conditions g\u00e9n\u00e9rales d'utilisation Home Legal Information Conditions g\u00e9n\u00e9rales d'utilisation Volity Trade Ltd Num\u00e9ro d'entreprise : 2024\/0059 Rodney Bay.","breadcrumb":{"@id":"https:\/\/volity.io\/fr\/legal\/terms\/#breadcrumb"},"inLanguage":"fr-FR","potentialAction":[{"@type":"ReadAction","target":["https:\/\/volity.io\/fr\/legal\/terms\/"]}]},{"@type":"ImageObject","inLanguage":"fr-FR","@id":"https:\/\/volity.io\/fr\/legal\/terms\/#primaryimage","url":"https:\/\/volity.io\/wp-content\/uploads\/2024\/09\/Frame-17.png","contentUrl":"https:\/\/volity.io\/wp-content\/uploads\/2024\/09\/Frame-17.png"},{"@type":"BreadcrumbList","@id":"https:\/\/volity.io\/fr\/legal\/terms\/#breadcrumb","itemListElement":[{"@type":"ListItem","position":1,"name":"Home","item":"https:\/\/volity.io\/fr\/"},{"@type":"ListItem","position":2,"name":"Informations juridiques","item":"https:\/\/volity.io\/fr\/legal\/"},{"@type":"ListItem","position":3,"name":"Conditions g\u00e9n\u00e9rales d&#8217;utilisation"}]},{"@type":"WebSite","@id":"https:\/\/volity.io\/fr\/#website","url":"https:\/\/volity.io\/fr\/","name":"Volity - Effortless, Affordable & Transparent Access To Financial Markets","description":"Where Any Volume Finds Agility","publisher":{"@id":"https:\/\/volity.io\/fr\/#organization"},"alternateName":"Volity Empowers Financial Inclusion","potentialAction":[{"@type":"SearchAction","target":{"@type":"EntryPoint","urlTemplate":"https:\/\/volity.io\/fr\/?s={search_term_string}"},"query-input":{"@type":"PropertyValueSpecification","valueRequired":true,"valueName":"search_term_string"}}],"inLanguage":"fr-FR"},{"@type":"Organization","@id":"https:\/\/volity.io\/fr\/#organization","name":"VOLITY","alternateName":"VLT","url":"https:\/\/volity.io\/fr\/","logo":{"@type":"ImageObject","inLanguage":"fr-FR","@id":"https:\/\/volity.io\/fr\/#\/schema\/logo\/image\/","url":"https:\/\/volity.io\/wp-content\/uploads\/2024\/08\/White-BG.webp","contentUrl":"https:\/\/volity.io\/wp-content\/uploads\/2024\/08\/White-BG.webp","width":1920,"height":1357,"caption":"VOLITY"},"image":{"@id":"https:\/\/volity.io\/fr\/#\/schema\/logo\/image\/"},"sameAs":["https:\/\/www.facebook.com\/profile.php?id=61570055360264","https:\/\/x.com\/VolityBeat"],"description":"Providing easy-to-use, affordable and secure access to financial products with personalised experience, local market understanding, and unrivalled customer service.","email":"hello@volity.io","legalName":"Volity Int."}]}},"_links":{"self":[{"href":"https:\/\/volity.io\/fr\/wp-json\/wp\/v2\/pages\/9334","targetHints":{"allow":["GET"]}}],"collection":[{"href":"https:\/\/volity.io\/fr\/wp-json\/wp\/v2\/pages"}],"about":[{"href":"https:\/\/volity.io\/fr\/wp-json\/wp\/v2\/types\/page"}],"author":[{"embeddable":true,"href":"https:\/\/volity.io\/fr\/wp-json\/wp\/v2\/users\/1"}],"replies":[{"embeddable":true,"href":"https:\/\/volity.io\/fr\/wp-json\/wp\/v2\/comments?post=9334"}],"version-history":[{"count":1,"href":"https:\/\/volity.io\/fr\/wp-json\/wp\/v2\/pages\/9334\/revisions"}],"predecessor-version":[{"id":9341,"href":"https:\/\/volity.io\/fr\/wp-json\/wp\/v2\/pages\/9334\/revisions\/9341"}],"up":[{"embeddable":true,"href":"https:\/\/volity.io\/fr\/wp-json\/wp\/v2\/pages\/9297"}],"wp:attachment":[{"href":"https:\/\/volity.io\/fr\/wp-json\/wp\/v2\/media?parent=9334"}],"curies":[{"name":"wp","href":"https:\/\/api.w.org\/{rel}","templated":true}]}}